{"id":46,"date":"2021-04-05T14:18:02","date_gmt":"2021-04-05T14:18:02","guid":{"rendered":"http:\/\/administracion.concejoriogrande.gob.ar\/?page_id=46"},"modified":"2021-04-05T14:31:10","modified_gmt":"2021-04-05T14:31:10","slug":"unidad-de-organizacion-presupuestaria-2020","status":"publish","type":"page","link":"https:\/\/administracion.concejoriogrande.gob.ar\/index.php\/unidad-de-organizacion-presupuestaria-2020\/","title":{"rendered":"Unidad de Organizaci\u00f3n Presupuestaria 2020"},"content":{"rendered":"\t\t<div data-elementor-type=\"wp-page\" data-elementor-id=\"46\" class=\"elementor elementor-46\" data-elementor-settings=\"[]\">\n\t\t\t\t\t\t\t<div class=\"elementor-section-wrap\">\n\t\t\t\t\t\t\t<section class=\"elementor-section elementor-top-section elementor-element elementor-element-5ca85d3 elementor-section-boxed elementor-section-height-default elementor-section-height-default\" data-id=\"5ca85d3\" data-element_type=\"section\">\n\t\t\t\t\t\t<div class=\"elementor-container elementor-column-gap-default\">\n\t\t\t\t\t<div class=\"elementor-column elementor-col-50 elementor-top-column elementor-element elementor-element-8caf3b0\" data-id=\"8caf3b0\" data-element_type=\"column\">\n\t\t\t<div class=\"elementor-widget-wrap elementor-element-populated\">\n\t\t\t\t\t\t\t\t<div class=\"elementor-element elementor-element-66c9661 elementor-widget elementor-widget-image\" data-id=\"66c9661\" data-element_type=\"widget\" data-widget_type=\"image.default\">\n\t\t\t\t<div class=\"elementor-widget-container\">\n\t\t\t\t\t\t\t\t\t\t\t\t\t\t\t<img width=\"1024\" height=\"682\" src=\"https:\/\/administracion.concejoriogrande.gob.ar\/wp-content\/uploads\/2021\/04\/Gestion-presupuestaria-1024x682.jpg\" class=\"attachment-large size-large\" alt=\"\" loading=\"lazy\" srcset=\"https:\/\/administracion.concejoriogrande.gob.ar\/wp-content\/uploads\/2021\/04\/Gestion-presupuestaria-1024x682.jpg 1024w, https:\/\/administracion.concejoriogrande.gob.ar\/wp-content\/uploads\/2021\/04\/Gestion-presupuestaria-300x200.jpg 300w, https:\/\/administracion.concejoriogrande.gob.ar\/wp-content\/uploads\/2021\/04\/Gestion-presupuestaria-768x512.jpg 768w, https:\/\/administracion.concejoriogrande.gob.ar\/wp-content\/uploads\/2021\/04\/Gestion-presupuestaria.jpg 1280w\" sizes=\"(max-width: 1024px) 100vw, 1024px\" \/>\t\t\t\t\t\t\t\t\t\t\t\t\t\t\t<\/div>\n\t\t\t\t<\/div>\n\t\t\t\t\t<\/div>\n\t\t<\/div>\n\t\t\t\t<div class=\"elementor-column elementor-col-50 elementor-top-column elementor-element elementor-element-73559c5\" data-id=\"73559c5\" data-element_type=\"column\">\n\t\t\t<div class=\"elementor-widget-wrap elementor-element-populated\">\n\t\t\t\t\t\t\t\t<div class=\"elementor-element elementor-element-7c3b1e3 elementor-widget elementor-widget-text-editor\" data-id=\"7c3b1e3\" data-element_type=\"widget\" data-widget_type=\"text-editor.default\">\n\t\t\t\t<div class=\"elementor-widget-container\">\n\t\t\t\t\t\t\t<ul><li>El presupuesto de una\u00a0<b>organizaci\u00f3n<\/b>\u00a0supone la base para tomar la decisi\u00f3n que permite que las realizaciones efectivas se ajusten lo m\u00e1s posible a sus objetivos establecidos, normalmente se elaboran los presupuestos para periodos de un a\u00f1o, representando la concretizaci\u00f3n de los objetivos fijados a m\u00e1s largo plazo.<\/li><\/ul>\t\t\t\t\t\t<\/div>\n\t\t\t\t<\/div>\n\t\t\t\t<div class=\"elementor-element elementor-element-04348c5 elementor-widget-divider--view-line elementor-widget elementor-widget-divider\" data-id=\"04348c5\" data-element_type=\"widget\" data-widget_type=\"divider.default\">\n\t\t\t\t<div class=\"elementor-widget-container\">\n\t\t\t\t\t<div class=\"elementor-divider\">\n\t\t\t<span class=\"elementor-divider-separator\">\n\t\t\t\t\t\t<\/span>\n\t\t<\/div>\n\t\t\t\t<\/div>\n\t\t\t\t<\/div>\n\t\t\t\t<div class=\"elementor-element elementor-element-3b4f051 elementor-widget elementor-widget-button\" data-id=\"3b4f051\" data-element_type=\"widget\" data-widget_type=\"button.default\">\n\t\t\t\t<div class=\"elementor-widget-container\">\n\t\t\t\t\t<div class=\"elementor-button-wrapper\">\n\t\t\t<a href=\"http:\/\/administracion.concejoriogrande.gob.ar\/wp-content\/uploads\/2021\/04\/EJECUCION-PRESUPUESTARIA.pdf\" class=\"elementor-button-link elementor-button elementor-size-sm\" role=\"button\">\n\t\t\t\t\t\t<span class=\"elementor-button-content-wrapper\">\n\t\t\t\t\t\t<span class=\"elementor-button-icon elementor-align-icon-left\">\n\t\t\t\t<i aria-hidden=\"true\" class=\"far fa-file-pdf\"><\/i>\t\t\t<\/span>\n\t\t\t\t\t\t<span class=\"elementor-button-text\">Descargar U.O.O<\/span>\n\t\t<\/span>\n\t\t\t\t\t<\/a>\n\t\t<\/div>\n\t\t\t\t<\/div>\n\t\t\t\t<\/div>\n\t\t\t\t\t<\/div>\n\t\t<\/div>\n\t\t\t\t\t\t\t<\/div>\n\t\t<\/section>\n\t\t\t\t\t\t<\/div>\n\t\t\t\t\t<\/div>\n\t\t","protected":false},"excerpt":{"rendered":"<p>El presupuesto de una\u00a0organizaci\u00f3n\u00a0supone la base para tomar la decisi\u00f3n que permite que las realizaciones efectivas se ajusten lo m\u00e1s posible a sus objetivos establecidos, normalmente se elaboran los presupuestos para periodos de un a\u00f1o, representando la concretizaci\u00f3n de los objetivos fijados a m\u00e1s largo plazo. Descargar U.O.O<\/p>\n","protected":false},"author":1,"featured_media":0,"parent":0,"menu_order":0,"comment_status":"closed","ping_status":"closed","template":"","meta":{"_monsterinsights_skip_tracking":false,"_monsterinsights_sitenote_active":false,"_monsterinsights_sitenote_note":"","_monsterinsights_sitenote_category":0},"_links":{"self":[{"href":"https:\/\/administracion.concejoriogrande.gob.ar\/index.php\/wp-json\/wp\/v2\/pages\/46"}],"collection":[{"href":"https:\/\/administracion.concejoriogrande.gob.ar\/index.php\/wp-json\/wp\/v2\/pages"}],"about":[{"href":"https:\/\/administracion.concejoriogrande.gob.ar\/index.php\/wp-json\/wp\/v2\/types\/page"}],"author":[{"embeddable":true,"href":"https:\/\/administracion.concejoriogrande.gob.ar\/index.php\/wp-json\/wp\/v2\/users\/1"}],"replies":[{"embeddable":true,"href":"https:\/\/administracion.concejoriogrande.gob.ar\/index.php\/wp-json\/wp\/v2\/comments?post=46"}],"version-history":[{"count":7,"href":"https:\/\/administracion.concejoriogrande.gob.ar\/index.php\/wp-json\/wp\/v2\/pages\/46\/revisions"}],"predecessor-version":[{"id":55,"href":"https:\/\/administracion.concejoriogrande.gob.ar\/index.php\/wp-json\/wp\/v2\/pages\/46\/revisions\/55"}],"wp:attachment":[{"href":"https:\/\/administracion.concejoriogrande.gob.ar\/index.php\/wp-json\/wp\/v2\/media?parent=46"}],"curies":[{"name":"wp","href":"https:\/\/api.w.org\/{rel}","templated":true}]}}